{"id":544,"date":"2026-01-21T02:21:43","date_gmt":"2026-01-21T02:21:43","guid":{"rendered":"https:\/\/ilovemedellin.com.co\/tinpes\/?page_id=544"},"modified":"2026-03-20T16:04:16","modified_gmt":"2026-03-20T16:04:16","slug":"textil-base-agua","status":"publish","type":"page","link":"https:\/\/ilovemedellin.com.co\/tinpes\/serigrafia\/textil-base-agua\/","title":{"rendered":"Textil Base Agua"},"content":{"rendered":"\t\t<div data-elementor-type=\"wp-page\" data-elementor-id=\"544\" class=\"elementor elementor-544\" data-elementor-post-type=\"page\">\n\t\t\t\t<div class=\"elementor-element elementor-element-a9dc75b e-flex e-con-boxed e-con e-parent\" data-id=\"a9dc75b\" data-element_type=\"container\" data-settings=\"{&quot;background_background&quot;:&quot;classic&quot;}\">\n\t\t\t\t\t<div class=\"e-con-inner\">\n\t\t\t\t<div class=\"elementor-element elementor-element-49fbdd2 elementor-widget elementor-widget-heading\" data-id=\"49fbdd2\" data-element_type=\"widget\" data-widget_type=\"heading.default\">\n\t\t\t\t\t<h1 class=\"elementor-heading-title elementor-size-default\">Tintas Base Agua para Serigraf\u00eda Textil<\/h1>\t\t\t\t<\/div>\n\t\t\t\t<div class=\"elementor-element elementor-element-c506ab3 elementor-widget elementor-widget-text-editor\" data-id=\"c506ab3\" data-element_type=\"widget\" data-widget_type=\"text-editor.default\">\n\t\t\t\t\t\t\t\t\t<p>Subl\u00edneas<\/p>\t\t\t\t\t\t\t\t<\/div>\n\t\t\t\t\t<\/div>\n\t\t\t\t<\/div>\n\t\t<div class=\"elementor-element elementor-element-50f56f6 e-flex e-con-boxed e-con e-parent\" data-id=\"50f56f6\" data-element_type=\"container\">\n\t\t\t\t\t<div class=\"e-con-inner\">\n\t\t\t\t<div class=\"elementor-element elementor-element-18901d2 elementor-widget elementor-widget-text-editor\" data-id=\"18901d2\" data-element_type=\"widget\" data-widget_type=\"text-editor.default\">\n\t\t\t\t\t\t\t\t\t<p>Elige la segmentaci\u00f3n que deseas<\/p>\t\t\t\t\t\t\t\t<\/div>\n\t\t<div class=\"elementor-element elementor-element-1c61b98 e-con-full e-flex e-con e-child\" data-id=\"1c61b98\" data-element_type=\"container\" data-settings=\"{&quot;background_background&quot;:&quot;classic&quot;}\">\n\t\t<div class=\"elementor-element elementor-element-f449c7f e-con-full e-flex e-con e-child\" data-id=\"f449c7f\" data-element_type=\"container\">\n\t\t<div class=\"elementor-element elementor-element-165d309 e-con-full e-flex e-con e-child\" data-id=\"165d309\" data-element_type=\"container\">\n\t\t\t\t<div class=\"elementor-element elementor-element-20354c8 elementor-widget elementor-widget-image\" data-id=\"20354c8\" data-element_type=\"widget\" data-widget_type=\"image.default\">\n\t\t\t\t\t\t\t\t\t\t\t\t\t\t\t<img fetchpriority=\"high\" decoding=\"async\" width=\"292\" height=\"292\" src=\"https:\/\/ilovemedellin.com.co\/tinpes\/wp-content\/uploads\/2026\/01\/img-linea-base-agua-1.jpg\" class=\"attachment-large size-large wp-image-519\" alt=\"\" srcset=\"https:\/\/ilovemedellin.com.co\/tinpes\/wp-content\/uploads\/2026\/01\/img-linea-base-agua-1.jpg 292w, https:\/\/ilovemedellin.com.co\/tinpes\/wp-content\/uploads\/2026\/01\/img-linea-base-agua-1-100x100.jpg 100w, https:\/\/ilovemedellin.com.co\/tinpes\/wp-content\/uploads\/2026\/01\/img-linea-base-agua-1-64x64.jpg 64w, https:\/\/ilovemedellin.com.co\/tinpes\/wp-content\/uploads\/2026\/01\/img-linea-base-agua-1-150x150.jpg 150w\" sizes=\"(max-width: 292px) 100vw, 292px\" \/>\t\t\t\t\t\t\t\t\t\t\t\t\t\t\t<\/div>\n\t\t\t\t<div class=\"elementor-element elementor-element-7dae099 elementor-widget elementor-widget-heading\" data-id=\"7dae099\" data-element_type=\"widget\" data-widget_type=\"heading.default\">\n\t\t\t\t\t<h2 class=\"elementor-heading-title elementor-size-default\">Tintuprint<\/h2>\t\t\t\t<\/div>\n\t\t\t\t<\/div>\n\t\t\t\t<div class=\"elementor-element elementor-element-e84cb3b elementor-align-center elementor-widget elementor-widget-button\" data-id=\"e84cb3b\" data-element_type=\"widget\" data-widget_type=\"button.default\">\n\t\t\t\t\t\t\t\t\t\t<a class=\"elementor-button elementor-button-link elementor-size-sm\" href=\"https:\/\/ilovemedellin.com.co\/tinpes\/serigrafia\/textil-base-agua\/tintuprint\/\">\n\t\t\t\t\t\t<span class=\"elementor-button-content-wrapper\">\n\t\t\t\t\t\t\t\t\t<span class=\"elementor-button-text\">Ver productos<\/span>\n\t\t\t\t\t<\/span>\n\t\t\t\t\t<\/a>\n\t\t\t\t\t\t\t\t<\/div>\n\t\t\t\t<\/div>\n\t\t<div class=\"elementor-element elementor-element-b839a99 e-con-full e-flex e-con e-child\" data-id=\"b839a99\" data-element_type=\"container\">\n\t\t<div class=\"elementor-element elementor-element-f3c14ad e-con-full e-flex e-con e-child\" data-id=\"f3c14ad\" data-element_type=\"container\">\n\t\t\t\t<div class=\"elementor-element elementor-element-4f344dd elementor-widget elementor-widget-image\" data-id=\"4f344dd\" data-element_type=\"widget\" data-widget_type=\"image.default\">\n\t\t\t\t\t\t\t\t\t\t\t\t\t\t\t<img fetchpriority=\"high\" decoding=\"async\" width=\"292\" height=\"292\" src=\"https:\/\/ilovemedellin.com.co\/tinpes\/wp-content\/uploads\/2026\/01\/img-linea-base-agua-1.jpg\" class=\"attachment-large size-large wp-image-519\" alt=\"\" srcset=\"https:\/\/ilovemedellin.com.co\/tinpes\/wp-content\/uploads\/2026\/01\/img-linea-base-agua-1.jpg 292w, https:\/\/ilovemedellin.com.co\/tinpes\/wp-content\/uploads\/2026\/01\/img-linea-base-agua-1-100x100.jpg 100w, https:\/\/ilovemedellin.com.co\/tinpes\/wp-content\/uploads\/2026\/01\/img-linea-base-agua-1-64x64.jpg 64w, https:\/\/ilovemedellin.com.co\/tinpes\/wp-content\/uploads\/2026\/01\/img-linea-base-agua-1-150x150.jpg 150w\" sizes=\"(max-width: 292px) 100vw, 292px\" \/>\t\t\t\t\t\t\t\t\t\t\t\t\t\t\t<\/div>\n\t\t\t\t<div class=\"elementor-element elementor-element-ca2c68d elementor-widget elementor-widget-heading\" data-id=\"ca2c68d\" data-element_type=\"widget\" data-widget_type=\"heading.default\">\n\t\t\t\t\t<h2 class=\"elementor-heading-title elementor-size-default\">Pastas de estampaci\u00f3n<\/h2>\t\t\t\t<\/div>\n\t\t\t\t<\/div>\n\t\t\t\t<div class=\"elementor-element elementor-element-15282cc elementor-align-center elementor-widget elementor-widget-button\" data-id=\"15282cc\" data-element_type=\"widget\" data-widget_type=\"button.default\">\n\t\t\t\t\t\t\t\t\t\t<a class=\"elementor-button elementor-button-link elementor-size-sm\" href=\"https:\/\/ilovemedellin.com.co\/tinpes\/serigrafia\/textil-base-agua\/pastas-de-estampacion\/\">\n\t\t\t\t\t\t<span class=\"elementor-button-content-wrapper\">\n\t\t\t\t\t\t\t\t\t<span class=\"elementor-button-text\">Ver productos<\/span>\n\t\t\t\t\t<\/span>\n\t\t\t\t\t<\/a>\n\t\t\t\t\t\t\t\t<\/div>\n\t\t\t\t<\/div>\n\t\t<div class=\"elementor-element elementor-element-2b9b289 e-con-full e-flex e-con e-child\" data-id=\"2b9b289\" data-element_type=\"container\">\n\t\t<div class=\"elementor-element elementor-element-3a568e1 e-con-full e-flex e-con e-child\" data-id=\"3a568e1\" data-element_type=\"container\">\n\t\t\t\t<div class=\"elementor-element elementor-element-537a61f elementor-widget elementor-widget-image\" data-id=\"537a61f\" data-element_type=\"widget\" data-widget_type=\"image.default\">\n\t\t\t\t\t\t\t\t\t\t\t\t\t\t\t<img fetchpriority=\"high\" decoding=\"async\" width=\"292\" height=\"292\" src=\"https:\/\/ilovemedellin.com.co\/tinpes\/wp-content\/uploads\/2026\/01\/img-linea-base-agua-1.jpg\" class=\"attachment-large size-large wp-image-519\" alt=\"\" srcset=\"https:\/\/ilovemedellin.com.co\/tinpes\/wp-content\/uploads\/2026\/01\/img-linea-base-agua-1.jpg 292w, https:\/\/ilovemedellin.com.co\/tinpes\/wp-content\/uploads\/2026\/01\/img-linea-base-agua-1-100x100.jpg 100w, https:\/\/ilovemedellin.com.co\/tinpes\/wp-content\/uploads\/2026\/01\/img-linea-base-agua-1-64x64.jpg 64w, https:\/\/ilovemedellin.com.co\/tinpes\/wp-content\/uploads\/2026\/01\/img-linea-base-agua-1-150x150.jpg 150w\" sizes=\"(max-width: 292px) 100vw, 292px\" \/>\t\t\t\t\t\t\t\t\t\t\t\t\t\t\t<\/div>\n\t\t\t\t<div class=\"elementor-element elementor-element-0f7553f elementor-widget elementor-widget-heading\" data-id=\"0f7553f\" data-element_type=\"widget\" data-widget_type=\"heading.default\">\n\t\t\t\t\t<h2 class=\"elementor-heading-title elementor-size-default\">Acabados especiales<\/h2>\t\t\t\t<\/div>\n\t\t\t\t<\/div>\n\t\t\t\t<div class=\"elementor-element elementor-element-d4d4b1b elementor-align-center elementor-widget elementor-widget-button\" data-id=\"d4d4b1b\" data-element_type=\"widget\" data-widget_type=\"button.default\">\n\t\t\t\t\t\t\t\t\t\t<a class=\"elementor-button elementor-button-link elementor-size-sm\" href=\"https:\/\/ilovemedellin.com.co\/tinpes\/serigrafia\/textil-base-agua\/acabados-especiales\/\">\n\t\t\t\t\t\t<span class=\"elementor-button-content-wrapper\">\n\t\t\t\t\t\t\t\t\t<span class=\"elementor-button-text\">Ver productos<\/span>\n\t\t\t\t\t<\/span>\n\t\t\t\t\t<\/a>\n\t\t\t\t\t\t\t\t<\/div>\n\t\t\t\t<\/div>\n\t\t\t\t<\/div>\n\t\t<div class=\"elementor-element elementor-element-af5d632 e-con-full e-flex e-con e-child\" data-id=\"af5d632\" data-element_type=\"container\">\n\t\t\t\t<div class=\"elementor-element elementor-element-b6aa059 elementor-align-center elementor-widget elementor-widget-button\" data-id=\"b6aa059\" data-element_type=\"widget\" data-widget_type=\"button.default\">\n\t\t\t\t\t\t\t\t\t\t<a class=\"elementor-button elementor-button-link elementor-size-sm\" href=\"http:\/\/ilovemedellin.com.co\/tinpes\/serigrafia\/\">\n\t\t\t\t\t\t<span class=\"elementor-button-content-wrapper\">\n\t\t\t\t\t\t<span class=\"elementor-button-icon\">\n\t\t\t\t<svg aria-hidden=\"true\" class=\"e-font-icon-svg e-fas-arrow-left\" viewBox=\"0 0 448 512\" xmlns=\"http:\/\/www.w3.org\/2000\/svg\"><path d=\"M257.5 445.1l-22.2 22.2c-9.4 9.4-24.6 9.4-33.9 0L7 273c-9.4-9.4-9.4-24.6 0-33.9L201.4 44.7c9.4-9.4 24.6-9.4 33.9 0l22.2 22.2c9.5 9.5 9.3 25-.4 34.3L136.6 216H424c13.3 0 24 10.7 24 24v32c0 13.3-10.7 24-24 24H136.6l120.5 114.8c9.8 9.3 10 24.8.4 34.3z\"><\/path><\/svg>\t\t\t<\/span>\n\t\t\t\t\t\t\t\t\t<span class=\"elementor-button-text\">Volver a Tintas para Serigraf\u00eda<\/span>\n\t\t\t\t\t<\/span>\n\t\t\t\t\t<\/a>\n\t\t\t\t\t\t\t\t<\/div>\n\t\t\t\t<\/div>\n\t\t\t\t\t<\/div>\n\t\t\t\t<\/div>\n\t\t\t\t<\/div>\n\t\t","protected":false},"excerpt":{"rendered":"<p>Tintas Base Agua para Serigraf\u00eda Textil Subl\u00edneas Elige la segmentaci\u00f3n que deseas Tintuprint Ver productos Pastas de estampaci\u00f3n Ver productos Acabados especiales Ver productos Volver a Tintas para Serigraf\u00eda<\/p>\n","protected":false},"author":1,"featured_media":0,"parent":511,"menu_order":0,"comment_status":"closed","ping_status":"closed","template":"elementor_header_footer","meta":{"_acf_changed":false,"inline_featured_image":false,"_joinchat":[],"footnotes":""},"class_list":["post-544","page","type-page","status-publish","hentry"],"acf":[],"yoast_head":"<!-- This site is optimized with the Yoast SEO plugin v26.8 - https:\/\/yoast.com\/product\/yoast-seo-wordpress\/ -->\n<title>Tintas Base de Agua para Serigraf\u00eda Textil | Tinpes<\/title>\n<meta name=\"description\" content=\"Descubre nuestras tintas base de agua para serigraf\u00eda textil: calidad y durabilidad garantizadas. Perfectas para tus proyectos textiles. \u00a1Compra ahora!\" \/>\n<meta name=\"robots\" content=\"index, follow, max-snippet:-1, max-image-preview:large, max-video-preview:-1\" \/>\n<link rel=\"canonical\" href=\"https:\/\/ilovemedellin.com.co\/tinpes\/serigrafia\/textil-base-agua\/\" \/>\n<meta property=\"og:locale\" content=\"es_ES\" \/>\n<meta property=\"og:type\" content=\"article\" \/>\n<meta property=\"og:title\" content=\"Tintas Base de Agua para Serigraf\u00eda Textil | Tinpes\" \/>\n<meta property=\"og:description\" content=\"Descubre nuestras tintas base de agua para serigraf\u00eda textil: calidad y durabilidad garantizadas. Perfectas para tus proyectos textiles. \u00a1Compra ahora!\" \/>\n<meta property=\"og:url\" content=\"https:\/\/ilovemedellin.com.co\/tinpes\/serigrafia\/textil-base-agua\/\" \/>\n<meta property=\"og:site_name\" content=\"Tintas e Insumos para Estampaci\u00f3n por Serigraf\u00eda Textil\" \/>\n<meta property=\"article:modified_time\" content=\"2026-03-20T16:04:16+00:00\" \/>\n<meta property=\"og:image\" content=\"https:\/\/ilovemedellin.com.co\/tinpes\/wp-content\/uploads\/2026\/01\/img-linea-base-agua-1.jpg\" \/>\n\t<meta property=\"og:image:width\" content=\"292\" \/>\n\t<meta property=\"og:image:height\" content=\"292\" \/>\n\t<meta property=\"og:image:type\" content=\"image\/jpeg\" \/>\n<meta name=\"twitter:card\" content=\"summary_large_image\" \/>\n<meta name=\"twitter:label1\" content=\"Tiempo de lectura\" \/>\n\t<meta name=\"twitter:data1\" content=\"1 minuto\" \/>\n<script type=\"application\/ld+json\" class=\"yoast-schema-graph\">{\"@context\":\"https:\/\/schema.org\",\"@graph\":[{\"@type\":\"WebPage\",\"@id\":\"https:\/\/ilovemedellin.com.co\/tinpes\/serigrafia\/textil-base-agua\/\",\"url\":\"https:\/\/ilovemedellin.com.co\/tinpes\/serigrafia\/textil-base-agua\/\",\"name\":\"Tintas Base de Agua para Serigraf\u00eda Textil | Tinpes\",\"isPartOf\":{\"@id\":\"https:\/\/ilovemedellin.com.co\/tinpes\/#website\"},\"primaryImageOfPage\":{\"@id\":\"https:\/\/ilovemedellin.com.co\/tinpes\/serigrafia\/textil-base-agua\/#primaryimage\"},\"image\":{\"@id\":\"https:\/\/ilovemedellin.com.co\/tinpes\/serigrafia\/textil-base-agua\/#primaryimage\"},\"thumbnailUrl\":\"https:\/\/ilovemedellin.com.co\/tinpes\/wp-content\/uploads\/2026\/01\/img-linea-base-agua-1.jpg\",\"datePublished\":\"2026-01-21T02:21:43+00:00\",\"dateModified\":\"2026-03-20T16:04:16+00:00\",\"description\":\"Descubre nuestras tintas base de agua para serigraf\u00eda textil: calidad y durabilidad garantizadas. Perfectas para tus proyectos textiles. \u00a1Compra ahora!\",\"breadcrumb\":{\"@id\":\"https:\/\/ilovemedellin.com.co\/tinpes\/serigrafia\/textil-base-agua\/#breadcrumb\"},\"inLanguage\":\"es\",\"potentialAction\":[{\"@type\":\"ReadAction\",\"target\":[\"https:\/\/ilovemedellin.com.co\/tinpes\/serigrafia\/textil-base-agua\/\"]}]},{\"@type\":\"ImageObject\",\"inLanguage\":\"es\",\"@id\":\"https:\/\/ilovemedellin.com.co\/tinpes\/serigrafia\/textil-base-agua\/#primaryimage\",\"url\":\"https:\/\/ilovemedellin.com.co\/tinpes\/wp-content\/uploads\/2026\/01\/img-linea-base-agua-1.jpg\",\"contentUrl\":\"https:\/\/ilovemedellin.com.co\/tinpes\/wp-content\/uploads\/2026\/01\/img-linea-base-agua-1.jpg\",\"width\":292,\"height\":292},{\"@type\":\"BreadcrumbList\",\"@id\":\"https:\/\/ilovemedellin.com.co\/tinpes\/serigrafia\/textil-base-agua\/#breadcrumb\",\"itemListElement\":[{\"@type\":\"ListItem\",\"position\":1,\"name\":\"Portada\",\"item\":\"https:\/\/ilovemedellin.com.co\/tinpes\/\"},{\"@type\":\"ListItem\",\"position\":2,\"name\":\"Serigraf\u00eda\",\"item\":\"https:\/\/ilovemedellin.com.co\/tinpes\/serigrafia\/\"},{\"@type\":\"ListItem\",\"position\":3,\"name\":\"Textil Base Agua\"}]},{\"@type\":\"WebSite\",\"@id\":\"https:\/\/ilovemedellin.com.co\/tinpes\/#website\",\"url\":\"https:\/\/ilovemedellin.com.co\/tinpes\/\",\"name\":\"Tintas e Insumos para Estampaci\u00f3n por Serigraf\u00eda Textil\",\"description\":\"Suministros de serigraf\u00eda y estampaci\u00f3n textil con +34 a\u00f1os de experiencia. Calidad y asistencia t\u00e9cnica para Colombia, Venezuela y m\u00e1s. \u00a1Cotiza ya!\",\"publisher\":{\"@id\":\"https:\/\/ilovemedellin.com.co\/tinpes\/#organization\"},\"potentialAction\":[{\"@type\":\"SearchAction\",\"target\":{\"@type\":\"EntryPoint\",\"urlTemplate\":\"https:\/\/ilovemedellin.com.co\/tinpes\/?s={search_term_string}\"},\"query-input\":{\"@type\":\"PropertyValueSpecification\",\"valueRequired\":true,\"valueName\":\"search_term_string\"}}],\"inLanguage\":\"es\"},{\"@type\":\"Organization\",\"@id\":\"https:\/\/ilovemedellin.com.co\/tinpes\/#organization\",\"name\":\"Tintas e Insumos para Estampaci\u00f3n por Serigraf\u00eda Textil\",\"url\":\"https:\/\/ilovemedellin.com.co\/tinpes\/\",\"logo\":{\"@type\":\"ImageObject\",\"inLanguage\":\"es\",\"@id\":\"https:\/\/ilovemedellin.com.co\/tinpes\/#\/schema\/logo\/image\/\",\"url\":\"https:\/\/ilovemedellin.com.co\/tinpes\/wp-content\/uploads\/2026\/01\/logo-header-large-1.png\",\"contentUrl\":\"https:\/\/ilovemedellin.com.co\/tinpes\/wp-content\/uploads\/2026\/01\/logo-header-large-1.png\",\"width\":373,\"height\":400,\"caption\":\"Tintas e Insumos para Estampaci\u00f3n por Serigraf\u00eda Textil\"},\"image\":{\"@id\":\"https:\/\/ilovemedellin.com.co\/tinpes\/#\/schema\/logo\/image\/\"}}]}<\/script>\n<!-- \/ Yoast SEO plugin. -->","yoast_head_json":{"title":"Tintas Base de Agua para Serigraf\u00eda Textil | Tinpes","description":"Descubre nuestras tintas base de agua para serigraf\u00eda textil: calidad y durabilidad garantizadas. Perfectas para tus proyectos textiles. \u00a1Compra ahora!","robots":{"index":"index","follow":"follow","max-snippet":"max-snippet:-1","max-image-preview":"max-image-preview:large","max-video-preview":"max-video-preview:-1"},"canonical":"https:\/\/ilovemedellin.com.co\/tinpes\/serigrafia\/textil-base-agua\/","og_locale":"es_ES","og_type":"article","og_title":"Tintas Base de Agua para Serigraf\u00eda Textil | Tinpes","og_description":"Descubre nuestras tintas base de agua para serigraf\u00eda textil: calidad y durabilidad garantizadas. Perfectas para tus proyectos textiles. \u00a1Compra ahora!","og_url":"https:\/\/ilovemedellin.com.co\/tinpes\/serigrafia\/textil-base-agua\/","og_site_name":"Tintas e Insumos para Estampaci\u00f3n por Serigraf\u00eda Textil","article_modified_time":"2026-03-20T16:04:16+00:00","og_image":[{"width":292,"height":292,"url":"https:\/\/ilovemedellin.com.co\/tinpes\/wp-content\/uploads\/2026\/01\/img-linea-base-agua-1.jpg","type":"image\/jpeg"}],"twitter_card":"summary_large_image","twitter_misc":{"Tiempo de lectura":"1 minuto"},"schema":{"@context":"https:\/\/schema.org","@graph":[{"@type":"WebPage","@id":"https:\/\/ilovemedellin.com.co\/tinpes\/serigrafia\/textil-base-agua\/","url":"https:\/\/ilovemedellin.com.co\/tinpes\/serigrafia\/textil-base-agua\/","name":"Tintas Base de Agua para Serigraf\u00eda Textil | Tinpes","isPartOf":{"@id":"https:\/\/ilovemedellin.com.co\/tinpes\/#website"},"primaryImageOfPage":{"@id":"https:\/\/ilovemedellin.com.co\/tinpes\/serigrafia\/textil-base-agua\/#primaryimage"},"image":{"@id":"https:\/\/ilovemedellin.com.co\/tinpes\/serigrafia\/textil-base-agua\/#primaryimage"},"thumbnailUrl":"https:\/\/ilovemedellin.com.co\/tinpes\/wp-content\/uploads\/2026\/01\/img-linea-base-agua-1.jpg","datePublished":"2026-01-21T02:21:43+00:00","dateModified":"2026-03-20T16:04:16+00:00","description":"Descubre nuestras tintas base de agua para serigraf\u00eda textil: calidad y durabilidad garantizadas. Perfectas para tus proyectos textiles. \u00a1Compra ahora!","breadcrumb":{"@id":"https:\/\/ilovemedellin.com.co\/tinpes\/serigrafia\/textil-base-agua\/#breadcrumb"},"inLanguage":"es","potentialAction":[{"@type":"ReadAction","target":["https:\/\/ilovemedellin.com.co\/tinpes\/serigrafia\/textil-base-agua\/"]}]},{"@type":"ImageObject","inLanguage":"es","@id":"https:\/\/ilovemedellin.com.co\/tinpes\/serigrafia\/textil-base-agua\/#primaryimage","url":"https:\/\/ilovemedellin.com.co\/tinpes\/wp-content\/uploads\/2026\/01\/img-linea-base-agua-1.jpg","contentUrl":"https:\/\/ilovemedellin.com.co\/tinpes\/wp-content\/uploads\/2026\/01\/img-linea-base-agua-1.jpg","width":292,"height":292},{"@type":"BreadcrumbList","@id":"https:\/\/ilovemedellin.com.co\/tinpes\/serigrafia\/textil-base-agua\/#breadcrumb","itemListElement":[{"@type":"ListItem","position":1,"name":"Portada","item":"https:\/\/ilovemedellin.com.co\/tinpes\/"},{"@type":"ListItem","position":2,"name":"Serigraf\u00eda","item":"https:\/\/ilovemedellin.com.co\/tinpes\/serigrafia\/"},{"@type":"ListItem","position":3,"name":"Textil Base Agua"}]},{"@type":"WebSite","@id":"https:\/\/ilovemedellin.com.co\/tinpes\/#website","url":"https:\/\/ilovemedellin.com.co\/tinpes\/","name":"Tintas e Insumos para Estampaci\u00f3n por Serigraf\u00eda Textil","description":"Suministros de serigraf\u00eda y estampaci\u00f3n textil con +34 a\u00f1os de experiencia. Calidad y asistencia t\u00e9cnica para Colombia, Venezuela y m\u00e1s. \u00a1Cotiza ya!","publisher":{"@id":"https:\/\/ilovemedellin.com.co\/tinpes\/#organization"},"potentialAction":[{"@type":"SearchAction","target":{"@type":"EntryPoint","urlTemplate":"https:\/\/ilovemedellin.com.co\/tinpes\/?s={search_term_string}"},"query-input":{"@type":"PropertyValueSpecification","valueRequired":true,"valueName":"search_term_string"}}],"inLanguage":"es"},{"@type":"Organization","@id":"https:\/\/ilovemedellin.com.co\/tinpes\/#organization","name":"Tintas e Insumos para Estampaci\u00f3n por Serigraf\u00eda Textil","url":"https:\/\/ilovemedellin.com.co\/tinpes\/","logo":{"@type":"ImageObject","inLanguage":"es","@id":"https:\/\/ilovemedellin.com.co\/tinpes\/#\/schema\/logo\/image\/","url":"https:\/\/ilovemedellin.com.co\/tinpes\/wp-content\/uploads\/2026\/01\/logo-header-large-1.png","contentUrl":"https:\/\/ilovemedellin.com.co\/tinpes\/wp-content\/uploads\/2026\/01\/logo-header-large-1.png","width":373,"height":400,"caption":"Tintas e Insumos para Estampaci\u00f3n por Serigraf\u00eda Textil"},"image":{"@id":"https:\/\/ilovemedellin.com.co\/tinpes\/#\/schema\/logo\/image\/"}}]}},"_links":{"self":[{"href":"https:\/\/ilovemedellin.com.co\/tinpes\/wp-json\/wp\/v2\/pages\/544","targetHints":{"allow":["GET"]}}],"collection":[{"href":"https:\/\/ilovemedellin.com.co\/tinpes\/wp-json\/wp\/v2\/pages"}],"about":[{"href":"https:\/\/ilovemedellin.com.co\/tinpes\/wp-json\/wp\/v2\/types\/page"}],"author":[{"embeddable":true,"href":"https:\/\/ilovemedellin.com.co\/tinpes\/wp-json\/wp\/v2\/users\/1"}],"replies":[{"embeddable":true,"href":"https:\/\/ilovemedellin.com.co\/tinpes\/wp-json\/wp\/v2\/comments?post=544"}],"version-history":[{"count":40,"href":"https:\/\/ilovemedellin.com.co\/tinpes\/wp-json\/wp\/v2\/pages\/544\/revisions"}],"predecessor-version":[{"id":2970,"href":"https:\/\/ilovemedellin.com.co\/tinpes\/wp-json\/wp\/v2\/pages\/544\/revisions\/2970"}],"up":[{"embeddable":true,"href":"https:\/\/ilovemedellin.com.co\/tinpes\/wp-json\/wp\/v2\/pages\/511"}],"wp:attachment":[{"href":"https:\/\/ilovemedellin.com.co\/tinpes\/wp-json\/wp\/v2\/media?parent=544"}],"curies":[{"name":"wp","href":"https:\/\/api.w.org\/{rel}","templated":true}]}}